{"id":2143,"date":"2024-09-13T08:53:58","date_gmt":"2024-09-13T08:53:58","guid":{"rendered":"https:\/\/test-www.nks.hr\/?page_id=2143"},"modified":"2024-12-30T13:31:39","modified_gmt":"2024-12-30T12:31:39","slug":"uvjeti-koristenja","status":"publish","type":"page","link":"https:\/\/nks.hr\/en\/uvjeti-koristenja\/","title":{"rendered":"Uvjeti kori\u0161tenja"},"content":{"rendered":"<p>[et_pb_section fb_built=&#8221;1&#8243; _builder_version=&#8221;4.27.0&#8243; _module_preset=&#8221;default&#8221; background_color=&#8221;#f9f9f9&#8243; custom_padding=&#8221;0px|||||&#8221; hover_enabled=&#8221;0&#8243; locked=&#8221;off&#8221; global_colors_info=&#8221;{}&#8221; sticky_enabled=&#8221;0&#8243;][et_pb_row column_structure=&#8221;1_4,3_4&#8243; disabled_on=&#8221;off|off|off&#8221; _builder_version=&#8221;4.27.0&#8243; _module_preset=&#8221;default&#8221; background_color=&#8221;RGBA(255,255,255,0)&#8221; width=&#8221;100%&#8221; width_tablet=&#8221;90%&#8221; width_phone=&#8221;90%&#8221; width_last_edited=&#8221;on|tablet&#8221; display_conditions=&#8221;W3siaWQiOiJmNzZjNzJhMC04YjA3LTRlNmYtOTE4Yi1kMTkzZGEyMmJhYTciLCJjb25kaXRpb24iOiJ1cmxQYXJhbWV0ZXIiLCJjb25kaXRpb25TZXR0aW5ncyI6eyJzZWxlY3RVcmxQYXJhbWV0ZXIiOiJzcGVjaWZpY1VybFBhcmFtZXRlciIsInVybFBhcmFtZXRlck5hbWUiOiJncm91cCIsImRpc3BsYXlSdWxlIjoiZG9lc05vdEV4aXN0IiwidXJsUGFyYW1ldGVyVmFsdWUiOiJVUkwgUGFyYW1ldGVyIFZhbHVlIiwiYWRtaW5MYWJlbCI6IlVSTCBQYXJhbWV0ZXIiLCJlbmFibGVDb25kaXRpb24iOiJvbiJ9LCJvcGVyYXRvciI6Ik9SIn1d&#8221; custom_margin=&#8221;|auto|-3px|auto||&#8221; custom_padding=&#8221;71px||38px|||&#8221; hover_enabled=&#8221;0&#8243; locked=&#8221;off&#8221; global_colors_info=&#8221;{}&#8221; sticky_enabled=&#8221;0&#8243;][et_pb_column type=&#8221;1_4&#8243; disabled_on=&#8221;on|on|off&#8221; _builder_version=&#8221;4.27.0&#8243; _module_preset=&#8221;default&#8221; background_color=&#8221;RGBA(255,255,255,0)&#8221; vertical_offset=&#8221;0px&#8221; horizontal_offset=&#8221;35px&#8221; custom_padding=&#8221;|0px|||false|false&#8221; hover_enabled=&#8221;0&#8243; border_color_right=&#8221;#d6404f&#8221; global_colors_info=&#8221;{}&#8221; sticky_enabled=&#8221;0&#8243;][et_pb_divimenus_flex direction=&#8221;column&#8221; hide_button=&#8221;on&#8221; menu_item_background_color=&#8221;RGBA(255,255,255,0)&#8221; h_gap=&#8221;0px&#8221; logo_margin=&#8221;|0px|||false|false&#8221; menu_item_padding=&#8221;|0px||25px|false|false&#8221; _builder_version=&#8221;4.27.0&#8243; _module_preset=&#8221;default&#8221; menu_item_font=&#8221;Inter|500|||||||&#8221; menu_item_font_size=&#8221;18px&#8221; background_color=&#8221;#FFFFFF&#8221; custom_margin=&#8221;-26px|35px|7px|35px|false|false&#8221; custom_padding=&#8221;|0px|||false|false&#8221; sticky_position=&#8221;top&#8221; sticky_offset_top=&#8221;91px&#8221; sticky_limit_bottom=&#8221;section&#8221; border_radii=&#8221;on|15px|15px|15px|15px&#8221; border_width_all=&#8221;1px&#8221; border_color_all=&#8221;#d6404f&#8221; border_color_left=&#8221;#d6404f&#8221; box_shadow_style=&#8221;preset3&#8243; box_shadow_spread=&#8221;-12px&#8221; locked=&#8221;off&#8221; global_colors_info=&#8221;{}&#8221;][et_pb_divimenus_flex_item title=&#8221;O nama&#8221; text_use_icon=&#8221;on&#8221; icon_type=&#8221;image&#8221; text_image=&#8221;https:\/\/nks.hr\/wp-content\/uploads\/2024\/12\/Icon.svg&#8221; text_icon_padding=&#8221;0.7em&#8221; text_image_size=&#8221;29px&#8221; url=&#8221;@ET-DC@eyJkeW5hbWljIjp0cnVlLCJjb250ZW50IjoicG9zdF9saW5rX3VybF9wYWdlIiwic2V0dGluZ3MiOnsicG9zdF9pZCI6Ijc5In19@&#8221; _builder_version=&#8221;4.27.0&#8243; _dynamic_attributes=&#8221;url&#8221; _module_preset=&#8221;default&#8221; global_colors_info=&#8221;{}&#8221; direction=&#8221;column&#8221; force_fullwidth=&#8221;off&#8221;][\/et_pb_divimenus_flex_item][et_pb_divimenus_flex_item title=&#8221;Natje\u010daji&#8221; text_use_icon=&#8221;on&#8221; icon_type=&#8221;image&#8221; text_image=&#8221;https:\/\/nks.hr\/wp-content\/uploads\/2024\/12\/Icon-1.svg&#8221; text_icon_padding=&#8221;0.7em&#8221; text_image_size=&#8221;29px&#8221; url=&#8221;@ET-DC@eyJkeW5hbWljIjp0cnVlLCJjb250ZW50IjoicG9zdF9saW5rX3VybF9wYWdlIiwic2V0dGluZ3MiOnsicG9zdF9pZCI6Ijk0MSJ9fQ==@&#8221; _builder_version=&#8221;4.27.0&#8243; _dynamic_attributes=&#8221;url&#8221; _module_preset=&#8221;default&#8221; global_colors_info=&#8221;{}&#8221; direction=&#8221;column&#8221; force_fullwidth=&#8221;off&#8221;][\/et_pb_divimenus_flex_item][et_pb_divimenus_flex_item title=&#8221;Novosti&#8221; text_use_icon=&#8221;on&#8221; icon_type=&#8221;image&#8221; text_image=&#8221;https:\/\/nks.hr\/wp-content\/uploads\/2024\/12\/Icon-2.svg&#8221; text_icon_padding=&#8221;0.7em&#8221; text_image_size=&#8221;29px&#8221; url=&#8221;@ET-DC@eyJkeW5hbWljIjp0cnVlLCJjb250ZW50IjoicG9zdF9saW5rX3VybF9wYWdlIiwic2V0dGluZ3MiOnsicG9zdF9pZCI6Ijg3In19@&#8221; _builder_version=&#8221;4.27.0&#8243; _dynamic_attributes=&#8221;url&#8221; _module_preset=&#8221;default&#8221; global_colors_info=&#8221;{}&#8221; direction=&#8221;column&#8221; force_fullwidth=&#8221;off&#8221;][\/et_pb_divimenus_flex_item][et_pb_divimenus_flex_item title=&#8221;Edukacija&#8221; text_use_icon=&#8221;on&#8221; icon_type=&#8221;image&#8221; text_image=&#8221;https:\/\/nks.hr\/wp-content\/uploads\/2024\/12\/Icon-3.svg&#8221; text_icon_padding=&#8221;0.7em&#8221; text_image_size=&#8221;29px&#8221; url=&#8221;@ET-DC@eyJkeW5hbWljIjp0cnVlLCJjb250ZW50IjoicG9zdF9saW5rX3VybF9wYWdlIiwic2V0dGluZ3MiOnsicG9zdF9pZCI6IjEyMjQifX0=@&#8221; _builder_version=&#8221;4.27.0&#8243; _dynamic_attributes=&#8221;url&#8221; _module_preset=&#8221;default&#8221; global_colors_info=&#8221;{}&#8221; direction=&#8221;column&#8221; force_fullwidth=&#8221;off&#8221;][\/et_pb_divimenus_flex_item][et_pb_divimenus_flex_item title=&#8221;Doga\u0111anja&#8221; text_use_icon=&#8221;on&#8221; icon_type=&#8221;image&#8221; text_image=&#8221;https:\/\/nks.hr\/wp-content\/uploads\/2024\/12\/icon.svg&#8221; text_icon_padding=&#8221;0.7em&#8221; text_image_size=&#8221;27px&#8221; url=&#8221;@ET-DC@eyJkeW5hbWljIjp0cnVlLCJjb250ZW50IjoicG9zdF9saW5rX3VybF9wYWdlIiwic2V0dGluZ3MiOnsicG9zdF9pZCI6IjEwNCJ9fQ==@&#8221; _builder_version=&#8221;4.27.0&#8243; _dynamic_attributes=&#8221;url&#8221; _module_preset=&#8221;default&#8221; global_colors_info=&#8221;{}&#8221; direction=&#8221;column&#8221; force_fullwidth=&#8221;off&#8221;][\/et_pb_divimenus_flex_item][et_pb_divimenus_flex_item title=&#8221;Zajednica&#8221; text_use_icon=&#8221;on&#8221; icon_type=&#8221;image&#8221; text_image=&#8221;https:\/\/nks.hr\/wp-content\/uploads\/2024\/12\/Icon-4.svg&#8221; text_icon_padding=&#8221;0.7em&#8221; text_image_size=&#8221;29px&#8221; url=&#8221;@ET-DC@eyJkeW5hbWljIjp0cnVlLCJjb250ZW50IjoicG9zdF9saW5rX3VybF9wYWdlIiwic2V0dGluZ3MiOnsicG9zdF9pZCI6IjE1NDUifX0=@&#8221; _builder_version=&#8221;4.27.0&#8243; _dynamic_attributes=&#8221;url&#8221; _module_preset=&#8221;default&#8221; global_colors_info=&#8221;{}&#8221; direction=&#8221;column&#8221; force_fullwidth=&#8221;off&#8221;][\/et_pb_divimenus_flex_item][\/et_pb_divimenus_flex][\/et_pb_column][et_pb_column type=&#8221;3_4&#8243; _builder_version=&#8221;4.27.0&#8243; _module_preset=&#8221;default&#8221; global_colors_info=&#8221;{}&#8221;][et_pb_heading title=&#8221;UVJETI KORI\u0160TENJA&#8221; _builder_version=&#8221;4.27.0&#8243; _module_preset=&#8221;default&#8221; title_font=&#8221;Arial||||||||&#8221; title_font_size=&#8221;37px&#8221; width=&#8221;90%&#8221; global_colors_info=&#8221;{}&#8221;][\/et_pb_heading][et_pb_divider color=&#8221;#d6404f&#8221; divider_weight=&#8221;1px&#8221; _builder_version=&#8221;4.27.0&#8243; _module_preset=&#8221;default&#8221; width=&#8221;43%&#8221; global_colors_info=&#8221;{}&#8221;][\/et_pb_divider][et_pb_text _builder_version=&#8221;4.27.0&#8243; _module_preset=&#8221;default&#8221; text_font=&#8221;Arial||||||||&#8221; text_text_color=&#8221;#000000&#8243; text_font_size=&#8221;19px&#8221; text_line_height=&#8221;1.5em&#8221; link_text_color=&#8221;#d6404f&#8221; header_3_font=&#8221;Arial|600|||||||&#8221; header_3_font_size=&#8221;21px&#8221; header_5_font=&#8221;Arial|600|||||||&#8221; width=&#8221;94%&#8221; width_tablet=&#8221;49%&#8221; width_phone=&#8221;100%&#8221; width_last_edited=&#8221;on|phone&#8221; hover_enabled=&#8221;0&#8243; global_colors_info=&#8221;{}&#8221; sticky_enabled=&#8221;0&#8243;]<\/p>\n<p style=\"text-align: justify;\">Svi sadr\u017eaji i fotografije objavljene na NKS-ovom mre\u017enom sjedi\u0161tu vlasni\u0161tvo su NKS-a. Pri objavi i prezentiranju materijala preuzetih s ovog mre\u017enog sjedi\u0161ta obavezno je navesti izvor i objaviti link na NKS-ovo mre\u017eno sjedi\u0161te (primjerice: preuzeto s <a href=\"http:\/\/www.nks.hr)\">www.nks.hr)<\/a>.<\/p>\n<p style=\"text-align: justify;\">Bilo kakvo reproduciranje ili distribucija slika i tekstova sadr\u017eanih na ovim mre\u017enim stranicama u komercijalne svrhe dozvoljeno je samo uz prethodno pismeno odobrenje vlasnika autorskih prava.<\/p>\n<p style=\"text-align: justify;\">NKS nastoji informacije na ovim stranicama odr\u017eavati to\u010dnim i potpunim, ali ne preuzima odgovornost za istinitost i potpunost istih, kao niti za sadr\u017eaj stranica vanjskih poveznica.<\/p>\n<p style=\"text-align: justify;\">NKS ne snosi odgovornost za eventualnu \u0161tetu na ra\u010dunalu nastalu preuzimanjem datoteka s ovog mre\u017enog sjedi\u0161ta ili s internetskih stranica do kojih \u010ditatelji do\u0111u putem poveznica s ovog mre\u017enog sjedi\u0161ta.<br \/>NKS zadr\u017eava pravo izmjene sadr\u017eaja mre\u017enih stranica i uvjeta kori\u0161tenja bez prethodne najave, u bilo\u00a0kojem\u00a0trenutku.<\/p>\n<p>[\/et_pb_text][\/et_pb_column][\/et_pb_row][\/et_pb_section]<\/p>","protected":false},"excerpt":{"rendered":"<p>Svi sadr\u017eaji i fotografije objavljene na NKS-ovom mre\u017enom sjedi\u0161tu vlasni\u0161tvo su NKS-a. Pri objavi i prezentiranju materijala preuzetih s ovog mre\u017enog sjedi\u0161ta obavezno je navesti izvor i objaviti link na [&hellip;]<\/p>","protected":false},"author":7,"featured_media":0,"parent":0,"menu_order":0,"comment_status":"closed","ping_status":"closed","template":"","meta":{"_et_pb_use_builder":"on","_et_pb_old_content":"","_et_gb_content_width":"","footnotes":""},"dipi_cpt_category":[],"class_list":["post-2143","page","type-page","status-publish","hentry"],"_links":{"self":[{"href":"https:\/\/nks.hr\/en\/wp-json\/wp\/v2\/pages\/2143","targetHints":{"allow":["GET"]}}],"collection":[{"href":"https:\/\/nks.hr\/en\/wp-json\/wp\/v2\/pages"}],"about":[{"href":"https:\/\/nks.hr\/en\/wp-json\/wp\/v2\/types\/page"}],"author":[{"embeddable":true,"href":"https:\/\/nks.hr\/en\/wp-json\/wp\/v2\/users\/7"}],"replies":[{"embeddable":true,"href":"https:\/\/nks.hr\/en\/wp-json\/wp\/v2\/comments?post=2143"}],"version-history":[{"count":5,"href":"https:\/\/nks.hr\/en\/wp-json\/wp\/v2\/pages\/2143\/revisions"}],"predecessor-version":[{"id":2712,"href":"https:\/\/nks.hr\/en\/wp-json\/wp\/v2\/pages\/2143\/revisions\/2712"}],"wp:attachment":[{"href":"https:\/\/nks.hr\/en\/wp-json\/wp\/v2\/media?parent=2143"}],"wp:term":[{"taxonomy":"dipi_cpt_category","embeddable":true,"href":"https:\/\/nks.hr\/en\/wp-json\/wp\/v2\/dipi_cpt_category?post=2143"}],"curies":[{"name":"wp","href":"https:\/\/api.w.org\/{rel}","templated":true}]}}