{"id":1846,"date":"2024-09-10T10:33:41","date_gmt":"2024-09-10T10:33:41","guid":{"rendered":"https:\/\/test-www.nks.hr\/?page_id=1846"},"modified":"2025-05-19T09:36:30","modified_gmt":"2025-05-19T07:36:30","slug":"obavijest-o-privatnosti","status":"publish","type":"page","link":"https:\/\/nks.hr\/en\/obavijest-o-privatnosti\/","title":{"rendered":"Obavijest o privatnosti"},"content":{"rendered":"<p>[et_pb_section fb_built=&#8221;1&#8243; _builder_version=&#8221;4.27.0&#8243; _module_preset=&#8221;default&#8221; background_color=&#8221;#f9f9f9&#8243; custom_padding=&#8221;0px|||||&#8221; locked=&#8221;off&#8221; global_colors_info=&#8221;{}&#8221;][et_pb_row column_structure=&#8221;1_4,3_4&#8243; disabled_on=&#8221;off|off|off&#8221; _builder_version=&#8221;4.27.0&#8243; _module_preset=&#8221;default&#8221; background_color=&#8221;RGBA(255,255,255,0)&#8221; width=&#8221;100%&#8221; width_tablet=&#8221;90%&#8221; width_phone=&#8221;90%&#8221; width_last_edited=&#8221;on|tablet&#8221; display_conditions=&#8221;W3siaWQiOiJmNzZjNzJhMC04YjA3LTRlNmYtOTE4Yi1kMTkzZGEyMmJhYTciLCJjb25kaXRpb24iOiJ1cmxQYXJhbWV0ZXIiLCJjb25kaXRpb25TZXR0aW5ncyI6eyJzZWxlY3RVcmxQYXJhbWV0ZXIiOiJzcGVjaWZpY1VybFBhcmFtZXRlciIsInVybFBhcmFtZXRlck5hbWUiOiJncm91cCIsImRpc3BsYXlSdWxlIjoiZG9lc05vdEV4aXN0IiwidXJsUGFyYW1ldGVyVmFsdWUiOiJVUkwgUGFyYW1ldGVyIFZhbHVlIiwiYWRtaW5MYWJlbCI6IlVSTCBQYXJhbWV0ZXIiLCJlbmFibGVDb25kaXRpb24iOiJvbiJ9LCJvcGVyYXRvciI6Ik9SIn1d&#8221; custom_margin=&#8221;|auto|-3px|auto||&#8221; custom_padding=&#8221;71px||38px|||&#8221; locked=&#8221;off&#8221; global_colors_info=&#8221;{}&#8221;][et_pb_column type=&#8221;1_4&#8243; disabled_on=&#8221;on|on|off&#8221; _builder_version=&#8221;4.27.0&#8243; _module_preset=&#8221;default&#8221; background_color=&#8221;RGBA(255,255,255,0)&#8221; vertical_offset=&#8221;0px&#8221; horizontal_offset=&#8221;35px&#8221; custom_padding=&#8221;|0px|||false|false&#8221; border_color_right=&#8221;#d6404f&#8221; global_colors_info=&#8221;{}&#8221;][et_pb_divimenus_flex direction=&#8221;column&#8221; hide_button=&#8221;on&#8221; menu_item_background_color=&#8221;RGBA(255,255,255,0)&#8221; h_gap=&#8221;0px&#8221; logo_margin=&#8221;|0px|||false|false&#8221; menu_item_padding=&#8221;|0px||25px|false|false&#8221; _builder_version=&#8221;4.27.0&#8243; _module_preset=&#8221;default&#8221; menu_item_font=&#8221;Inter|500|||||||&#8221; menu_item_font_size=&#8221;18px&#8221; background_color=&#8221;#FFFFFF&#8221; custom_margin=&#8221;-26px|35px|7px|35px|false|false&#8221; custom_padding=&#8221;|0px|||false|false&#8221; sticky_position=&#8221;top&#8221; sticky_offset_top=&#8221;91px&#8221; sticky_limit_bottom=&#8221;section&#8221; border_radii=&#8221;on|15px|15px|15px|15px&#8221; border_width_all=&#8221;1px&#8221; border_color_all=&#8221;#d6404f&#8221; border_color_left=&#8221;#d6404f&#8221; box_shadow_style=&#8221;preset3&#8243; box_shadow_spread=&#8221;-12px&#8221; locked=&#8221;off&#8221; global_colors_info=&#8221;{}&#8221;][et_pb_divimenus_flex_item title=&#8221;O nama&#8221; text_use_icon=&#8221;on&#8221; icon_type=&#8221;image&#8221; text_image=&#8221;https:\/\/nks.hr\/wp-content\/uploads\/2024\/12\/Icon.svg&#8221; text_icon_padding=&#8221;0.7em&#8221; text_image_size=&#8221;29px&#8221; url=&#8221;@ET-DC@eyJkeW5hbWljIjp0cnVlLCJjb250ZW50IjoicG9zdF9saW5rX3VybF9wYWdlIiwic2V0dGluZ3MiOnsicG9zdF9pZCI6Ijc5In19@&#8221; _builder_version=&#8221;4.27.0&#8243; _dynamic_attributes=&#8221;url&#8221; _module_preset=&#8221;default&#8221; global_colors_info=&#8221;{}&#8221; direction=&#8221;column&#8221; force_fullwidth=&#8221;off&#8221;][\/et_pb_divimenus_flex_item][et_pb_divimenus_flex_item title=&#8221;Natje\u010daji&#8221; text_use_icon=&#8221;on&#8221; icon_type=&#8221;image&#8221; text_image=&#8221;https:\/\/nks.hr\/wp-content\/uploads\/2024\/12\/Icon-1.svg&#8221; text_icon_padding=&#8221;0.7em&#8221; text_image_size=&#8221;29px&#8221; url=&#8221;@ET-DC@eyJkeW5hbWljIjp0cnVlLCJjb250ZW50IjoicG9zdF9saW5rX3VybF9wYWdlIiwic2V0dGluZ3MiOnsicG9zdF9pZCI6Ijk0MSJ9fQ==@&#8221; _builder_version=&#8221;4.27.0&#8243; _dynamic_attributes=&#8221;url&#8221; _module_preset=&#8221;default&#8221; global_colors_info=&#8221;{}&#8221; direction=&#8221;column&#8221; force_fullwidth=&#8221;off&#8221;][\/et_pb_divimenus_flex_item][et_pb_divimenus_flex_item title=&#8221;Novosti&#8221; text_use_icon=&#8221;on&#8221; icon_type=&#8221;image&#8221; text_image=&#8221;https:\/\/nks.hr\/wp-content\/uploads\/2024\/12\/Icon-2.svg&#8221; text_icon_padding=&#8221;0.7em&#8221; text_image_size=&#8221;29px&#8221; url=&#8221;@ET-DC@eyJkeW5hbWljIjp0cnVlLCJjb250ZW50IjoicG9zdF9saW5rX3VybF9wYWdlIiwic2V0dGluZ3MiOnsicG9zdF9pZCI6Ijg3In19@&#8221; _builder_version=&#8221;4.27.0&#8243; _dynamic_attributes=&#8221;url&#8221; _module_preset=&#8221;default&#8221; global_colors_info=&#8221;{}&#8221; direction=&#8221;column&#8221; force_fullwidth=&#8221;off&#8221;][\/et_pb_divimenus_flex_item][et_pb_divimenus_flex_item title=&#8221;Edukacija&#8221; text_use_icon=&#8221;on&#8221; icon_type=&#8221;image&#8221; text_image=&#8221;https:\/\/nks.hr\/wp-content\/uploads\/2024\/12\/Icon-3.svg&#8221; text_icon_padding=&#8221;0.7em&#8221; text_image_size=&#8221;29px&#8221; url=&#8221;@ET-DC@eyJkeW5hbWljIjp0cnVlLCJjb250ZW50IjoicG9zdF9saW5rX3VybF9wYWdlIiwic2V0dGluZ3MiOnsicG9zdF9pZCI6IjEyMjQifX0=@&#8221; _builder_version=&#8221;4.27.0&#8243; _dynamic_attributes=&#8221;url&#8221; _module_preset=&#8221;default&#8221; global_colors_info=&#8221;{}&#8221; direction=&#8221;column&#8221; force_fullwidth=&#8221;off&#8221;][\/et_pb_divimenus_flex_item][et_pb_divimenus_flex_item title=&#8221;Doga\u0111anja&#8221; text_use_icon=&#8221;on&#8221; icon_type=&#8221;image&#8221; text_image=&#8221;https:\/\/nks.hr\/wp-content\/uploads\/2024\/12\/icon.svg&#8221; text_icon_padding=&#8221;0.7em&#8221; text_image_size=&#8221;27px&#8221; url=&#8221;@ET-DC@eyJkeW5hbWljIjp0cnVlLCJjb250ZW50IjoicG9zdF9saW5rX3VybF9wYWdlIiwic2V0dGluZ3MiOnsicG9zdF9pZCI6IjEwNCJ9fQ==@&#8221; _builder_version=&#8221;4.27.0&#8243; _dynamic_attributes=&#8221;url&#8221; _module_preset=&#8221;default&#8221; global_colors_info=&#8221;{}&#8221; direction=&#8221;column&#8221; force_fullwidth=&#8221;off&#8221;][\/et_pb_divimenus_flex_item][et_pb_divimenus_flex_item title=&#8221;Zajednica&#8221; text_use_icon=&#8221;on&#8221; icon_type=&#8221;image&#8221; text_image=&#8221;https:\/\/nks.hr\/wp-content\/uploads\/2024\/12\/Icon-4.svg&#8221; text_icon_padding=&#8221;0.7em&#8221; text_image_size=&#8221;29px&#8221; url=&#8221;@ET-DC@eyJkeW5hbWljIjp0cnVlLCJjb250ZW50IjoicG9zdF9saW5rX3VybF9wYWdlIiwic2V0dGluZ3MiOnsicG9zdF9pZCI6IjE1NDUifX0=@&#8221; _builder_version=&#8221;4.27.0&#8243; _dynamic_attributes=&#8221;url&#8221; _module_preset=&#8221;default&#8221; global_colors_info=&#8221;{}&#8221; direction=&#8221;column&#8221; force_fullwidth=&#8221;off&#8221;][\/et_pb_divimenus_flex_item][\/et_pb_divimenus_flex][\/et_pb_column][et_pb_column type=&#8221;3_4&#8243; _builder_version=&#8221;4.27.0&#8243; _module_preset=&#8221;default&#8221; global_colors_info=&#8221;{}&#8221;][et_pb_heading title=&#8221;OBAVIJEST O PRIVATNOSTI&#8221; _builder_version=&#8221;4.27.0&#8243; _module_preset=&#8221;default&#8221; title_font=&#8221;Arial||||||||&#8221; title_font_size=&#8221;37px&#8221; width=&#8221;90%&#8221; global_colors_info=&#8221;{}&#8221;][\/et_pb_heading][et_pb_text _builder_version=&#8221;4.27.0&#8243; _module_preset=&#8221;default&#8221; text_font=&#8221;Arial||||||||&#8221; text_text_color=&#8221;#000000&#8243; text_font_size=&#8221;19px&#8221; text_line_height=&#8221;1.5em&#8221; link_text_color=&#8221;#d6404f&#8221; header_3_font=&#8221;Arial|600|||||||&#8221; header_3_font_size=&#8221;21px&#8221; header_5_font=&#8221;Arial|600|||||||&#8221; width=&#8221;94%&#8221; width_tablet=&#8221;49%&#8221; width_phone=&#8221;100%&#8221; width_last_edited=&#8221;on|phone&#8221; hover_enabled=&#8221;0&#8243; global_colors_info=&#8221;{}&#8221; sticky_enabled=&#8221;0&#8243;]<\/p>\n<p class=\"LC20lb MBeuO DKV0Md\"><strong>Nacionalno koordinacijsko sredi\u0161te<\/strong> po\u0161tuje privatnost i sigurnost svojih korisnika kao i svih posjetitelja mre\u017ene stranice. Stoga vas putem ove obavijesti o privatnosti \u017eelimo informirati koje osobne podatke prikupljamo, kako ih koristimo i kako brinemo o njihovoj za\u0161titi te koja su va\u0161a prava vezana uz obradu podataka.<\/p>\n<h3 style=\"text-align: justify;\">Podaci koje prikupljamo<\/h3>\n<p style=\"text-align: justify;\">Prilikom kori\u0161tenja NKS-ove mre\u017ene stranice ne prikupljamo va\u0161e osobne podatke, kao \u0161to su \u00a0ime i pojedinosti o kontaktu, osim ako ih dobrovoljno ne unesete ispunjavanjem dostupnih obrazaca za odre\u0111enu svrhu i time date va\u0161u privolu na prikupljanje i kori\u0161tenje va\u0161ih osobnih podataka u navedene svrhe.<\/p>\n<p style=\"text-align: justify;\">Svi osobni podaci koriste se isklju\u010divo u svrhe radi koje su prikupljeni i za koje je dana privola. Privolu za obradu osobnih podataka mogu dati osobe s navr\u0161enih 16 godina ili vi\u0161e, dok za osobe mla\u0111e od 16 privolu mo\u017ee dati roditelj ili skrbnik.<\/p>\n<h3 style=\"text-align: justify;\">Razdoblje u kojem \u0107e osobni podaci biti pohranjeni<\/h3>\n<p style=\"text-align: justify;\">Svi osobni podaci se bri\u0161u nakon prestanka svrhe za koju su prikupljeni, odnosno prestankom ugovornog odnosa, a najkasnije po isteku svih zakonskih obveza povezanih s \u010duvanjem osobnih podataka.<\/p>\n<h3 style=\"text-align: justify;\">Informacije koje automatski prikupljamo na na\u0161oj mre\u017enoj stranici<\/h3>\n<p style=\"text-align: justify;\">Kada pristupite na\u0161oj mre\u017enoj stranici automatski prikupljamo informacije u log datotekama poslu\u017eitelja, kao \u0161to su va\u0161a IP adresa, vrsta preglednika, stranice za preusmjeravanje \/ izlazak i operativni sustav. Ove informacije koristimo kako bismo upravljali na\u0161om mre\u017enom stranicom i tehni\u010dkim rje\u0161enjima, pratili aktivnosti svoje mre\u017ene stranice, unaprijedili njezin rad i sadr\u017eaj te pobolj\u0161ali korisni\u010dko iskustvo.<\/p>\n<p style=\"text-align: justify;\">Navedene informacije \u010duvamo 12 mjeseci nakon \u010dega se informacije bri\u0161u.<\/p>\n<h3 style=\"text-align: justify;\">Preno\u0161enje va\u0161ih osobnih podataka<\/h3>\n<p style=\"text-align: justify;\">Prikupljeni podaci ne\u0107e ni na koji na\u010din biti dostupni tre\u0107im osobama, osim u slu\u010daju kada je takva obaveza regulirana zakonom.<\/p>\n<h3 style=\"text-align: justify;\">Kola\u010di\u0107i (Cookies)<\/h3>\n<p style=\"text-align: justify;\">Za potrebe izrade i pra\u0107enja statistike posjetitelja, ova mre\u017ena stranica koristi kola\u010di\u0107e (engl.<span>\u00a0<\/span><em>cookies<\/em>) \u2013 tekstualne datoteke koje preglednik sprema na ra\u010dunalni sustav kako bi pomogle u prilagodbi korisni\u010dkog iskustva.<\/p>\n<p style=\"text-align: justify;\">Kola\u010di\u0107i mogu biti stalni kola\u010di\u0107 koji na ra\u010dunalu korisnika ostaju pohranjeni i nakon posjeta te privremeni kola\u010di\u0107i koji se pohranjuju samo tijekom posjeta stranici.<\/p>\n<p style=\"text-align: justify;\">Ako \u017eelite ukloniti kola\u010di\u0107e na svojem ure\u0111aju, to mo\u017eete u\u010diniti u bilo koje doba putem postavki preglednika kojeg koristite.<\/p>\n<h3 style=\"text-align: justify;\">Google Analytics<\/h3>\n<p style=\"text-align: justify;\">Google prikuplja informacije putem na\u0161e upotrebe usluge Google Analytics na mre\u017enoj stranici. Google koristi ove informacije, uklju\u010duju\u0107i prikrivene IP adrese i podatke iz kola\u010di\u0107a, u vi\u0161e svrha, kao \u0161to je pobolj\u0161anje usluge Google Analytics. Informacije se dijele s Googleom na anonimnoj osnovi. Kako biste saznali vi\u0161e o tome koje informacije Google prikuplja, kako upotrebljava te informacije i kako kontrolirati informacije poslane Googleu, pogledajte stranicu\u00a0<a href=\"https:\/\/policies.google.com\/technologies\/partner-sites\">Googleovih pravila o privatnosti<\/a>. Mo\u017eete se isklju\u010diti iz usluge Google Analytics tako da instalirate sljede\u0107i dodatak pregledniku:<span>\u00a0<\/span><a href=\"https:\/\/tools.google.com\/dlpage\/gaoptout\">https:\/\/tools.google.com\/dlpage\/gaoptout<\/a><\/p>\n<h3 style=\"text-align: justify;\">Pristup i a\u017euriranje va\u0161ih osobnih podataka<\/h3>\n<p style=\"text-align: justify;\">Na\u0161 korisnik u svakom trenutku ima sljede\u0107a prava:<\/p>\n<ul style=\"text-align: justify;\">\n<li>pravo na pristup podacima i uvid u podatke<\/li>\n<li>pravo na informiranost o obradi osobnih podataka<\/li>\n<li>pravo na prenosivost podataka<\/li>\n<li>pravo na povla\u010denje privole<\/li>\n<li>pravo na podno\u0161enje prigovora<\/li>\n<li>pravo na ispravak i promjenu osobnih podataka u slu\u010daju ako su podaci nepotpuni ili neto\u010dni<\/li>\n<li>pravo na brisanje\u00a0u slu\u010dajevima kao \u0161to su prestanak svrhe obrade, povla\u010denje privole ili u slu\u010daju podno\u0161enja prigovora<\/li>\n<\/ul>\n<p>&nbsp;<\/p>\n<h3 style=\"text-align: justify;\">Sigurnost va\u0161ih osobnih podataka<\/h3>\n<p style=\"text-align: justify;\">Poduzimamo sve tehni\u010dke i organizacijske mjere sigurnosti kako bismo za\u0161titili va\u0161e osobne podatke od neovla\u0161tenog ili nezakonitog postupanja s njima i od njihovog slu\u010dajnog gubitka, uni\u0161tenja ili izmjena.<\/p>\n<h3 style=\"text-align: justify;\">Identitet i kontaktni podaci slu\u017ebenika za za\u0161titu podataka<\/h3>\n<p style=\"text-align: justify;\">CARNET je sukladno relevantnim propisima imenovao<span>\u00a0<\/span><a href=\"https:\/\/www.carnet.hr\/zastita-osobnih-podataka\/\">Slu\u017ebenika za za\u0161titu podataka<\/a><span>\u00a0<\/span>kojega mo\u017eete kontaktirati za sva pitanja povezana s obradom va\u0161ih osobnih podataka ili ostvarivanje svojih prava na za\u0161titu osobnih podataka u CARNET-u.<\/p>\n<h3 style=\"text-align: justify;\">Nadzorno tijelo<\/h3>\n<p style=\"text-align: justify;\">Ako imate prigovor vezano uz vlastita prava mo\u017eete uputiti primjedbu nadzornom tijelu za za\u0161titu osobnih podataka, odnosno Agenciji za za\u0161titu osobnih podataka (AZOP).<\/p>\n<p style=\"text-align: justify;\"><a href=\"https:\/\/azop.hr\/\" target=\"_blank\" rel=\"noopener noreferrer\">Agencija za za\u0161titu osobnih podataka<\/a><\/p>\n<h3 style=\"text-align: justify;\">Obavijest o promjenama<\/h3>\n<p style=\"text-align: justify;\">Sve promjene obavijesti o privatnosti bit \u0107e pravodobno objavljene na ovoj stranici ili u\u010dinjene dostupnima korisnicima na neki drugi prikladan na\u010din.<\/p>\n<p>[\/et_pb_text][\/et_pb_column][\/et_pb_row][\/et_pb_section]<\/p>","protected":false},"excerpt":{"rendered":"<p>Nacionalno koordinacijsko sredi\u0161te po\u0161tuje privatnost i sigurnost svojih korisnika kao i svih posjetitelja mre\u017ene stranice. Stoga vas putem ove obavijesti o privatnosti \u017eelimo informirati koje osobne podatke prikupljamo, kako ih [&hellip;]<\/p>","protected":false},"author":7,"featured_media":0,"parent":0,"menu_order":0,"comment_status":"closed","ping_status":"closed","template":"","meta":{"_et_pb_use_builder":"on","_et_pb_old_content":"","_et_gb_content_width":"","footnotes":""},"dipi_cpt_category":[],"class_list":["post-1846","page","type-page","status-publish","hentry"],"_links":{"self":[{"href":"https:\/\/nks.hr\/en\/wp-json\/wp\/v2\/pages\/1846","targetHints":{"allow":["GET"]}}],"collection":[{"href":"https:\/\/nks.hr\/en\/wp-json\/wp\/v2\/pages"}],"about":[{"href":"https:\/\/nks.hr\/en\/wp-json\/wp\/v2\/types\/page"}],"author":[{"embeddable":true,"href":"https:\/\/nks.hr\/en\/wp-json\/wp\/v2\/users\/7"}],"replies":[{"embeddable":true,"href":"https:\/\/nks.hr\/en\/wp-json\/wp\/v2\/comments?post=1846"}],"version-history":[{"count":7,"href":"https:\/\/nks.hr\/en\/wp-json\/wp\/v2\/pages\/1846\/revisions"}],"predecessor-version":[{"id":3279,"href":"https:\/\/nks.hr\/en\/wp-json\/wp\/v2\/pages\/1846\/revisions\/3279"}],"wp:attachment":[{"href":"https:\/\/nks.hr\/en\/wp-json\/wp\/v2\/media?parent=1846"}],"wp:term":[{"taxonomy":"dipi_cpt_category","embeddable":true,"href":"https:\/\/nks.hr\/en\/wp-json\/wp\/v2\/dipi_cpt_category?post=1846"}],"curies":[{"name":"wp","href":"https:\/\/api.w.org\/{rel}","templated":true}]}}