{"id":147,"date":"2024-08-24T09:20:37","date_gmt":"2024-08-24T09:20:37","guid":{"rendered":"https:\/\/test-www.nks.hr\/?page_id=147"},"modified":"2024-12-30T09:30:27","modified_gmt":"2024-12-30T08:30:27","slug":"it-strucnjaci","status":"publish","type":"page","link":"https:\/\/nks.hr\/en\/it-strucnjaci\/","title":{"rendered":"IT Professionals"},"content":{"rendered":"<p>[et_pb_section fb_built=&#8221;1&#8243; _builder_version=&#8221;4.27.0&#8243; _module_preset=&#8221;default&#8221; background_color=&#8221;#f9f9f9&#8243; hover_enabled=&#8221;0&#8243; locked=&#8221;off&#8221; global_colors_info=&#8221;{}&#8221; sticky_enabled=&#8221;0&#8243;][et_pb_row _builder_version=&#8221;4.27.0&#8243; _module_preset=&#8221;default&#8221; width=&#8221;100%&#8221; width_tablet=&#8221;90%&#8221; width_phone=&#8221;85%&#8221; width_last_edited=&#8221;on|phone&#8221; custom_padding=&#8221;||64px|||&#8221; global_colors_info=&#8221;{}&#8221;][et_pb_column type=&#8221;4_4&#8243; _builder_version=&#8221;4.27.0&#8243; _module_preset=&#8221;default&#8221; global_colors_info=&#8221;{}&#8221;][et_pb_text _builder_version=&#8221;4.27.0&#8243; _module_preset=&#8221;default&#8221; text_font_size=&#8221;21px&#8221; text_line_height=&#8221;1.6em&#8221; header_font=&#8221;Arial|||on|||||&#8221; header_text_color=&#8221;#d6404f&#8221; header_font_size=&#8221;37px&#8221; custom_margin=&#8221;||45px|||&#8221; custom_padding=&#8221;||0px|150px|false|false&#8221; custom_padding_tablet=&#8221;||0px|150px|false|false&#8221; custom_padding_phone=&#8221;||0px|2px|false|false&#8221; custom_padding_last_edited=&#8221;on|phone&#8221; global_colors_info=&#8221;{}&#8221;]<\/p>\n<h1>IT STRU\u010cNJACI<\/h1>\n<p>[\/et_pb_text][et_pb_text _builder_version=&#8221;4.27.0&#8243; _module_preset=&#8221;default&#8221; text_font=&#8221;Arial||||||||&#8221; text_text_color=&#8221;#000000&#8243; text_font_size=&#8221;19px&#8221; text_line_height=&#8221;1.5em&#8221; custom_margin_tablet=&#8221;&#8221; custom_margin_phone=&#8221;&#8221; custom_margin_last_edited=&#8221;on|phone&#8221; custom_padding=&#8221;|150px||150px|false|false&#8221; custom_padding_tablet=&#8221;|150px||150px|false|false&#8221; custom_padding_phone=&#8221;|2px||2px|false|false&#8221; custom_padding_last_edited=&#8221;on|desktop&#8221; global_colors_info=&#8221;{}&#8221;]<\/p>\n<p style=\"text-align: justify;\">IT stru\u010dnjaci su na prvoj liniji obrane protiv kiberneti\u010dkih prijetnji. Va\u0161e znanje i vje\u0161tine klju\u010dni su za identifikaciju, prevenciju i odgovor na sigurnosne incidente. Ovdje mo\u017eete prona\u0107i vodi\u010de i preporuke za kiberneti\u010dku sigurnost, uz to, dostupne su informacije o doga\u0111anjima koja organiziramo ili smatamo da bi vam mogla biti interesantna. Donosimo vam novosti o radu NKS-a i novosti iz svijeta Kiberneti\u010dke sigurnosti. Prona\u0111ite informacije o mogu\u0107nostima edukacije i dostupnim te\u010dajevima i dodatno unaprijedite svoje znanje iz podru\u010dja kiberneti\u010dke sigurnosti. Tako\u0111er, pratite na\u0161e objave o aktualnim natje\u010dajima iz programa Digitalna Europa i Obzor Europa za mogu\u0107nosti financiranja.<\/p>\n<p>[\/et_pb_text][\/et_pb_column][\/et_pb_row][et_pb_row column_structure=&#8221;1_3,1_3,1_3&#8243; _builder_version=&#8221;4.27.0&#8243; _module_preset=&#8221;default&#8221; locked=&#8221;off&#8221; global_colors_info=&#8221;{}&#8221;][et_pb_column type=&#8221;1_3&#8243; _builder_version=&#8221;4.27.0&#8243; _module_preset=&#8221;default&#8221; global_colors_info=&#8221;{}&#8221;][dipi_lottie_icon json_file=&#8221;https:\/\/nks.hr\/wp-content\/uploads\/2024\/09\/system-regular-5-wallet.json&#8221; lottie_title=&#8221;Mogu\u0107nost financiranja&#8221; loop=&#8221;off&#8221; autoplay=&#8221;off&#8221; lottie_width=&#8221;35%&#8221; lottie_margin=&#8221;23px||||false|false&#8221; _builder_version=&#8221;4.27.0&#8243; _module_preset=&#8221;default&#8221; lottie_title_font=&#8221;Arial||||||||&#8221; background_color=&#8221;#FFFFFF&#8221; width=&#8221;80%&#8221; width_tablet=&#8221;&#8221; width_phone=&#8221;74%&#8221; width_last_edited=&#8221;on|phone&#8221; module_alignment=&#8221;center&#8221; link_option_url=&#8221;https:\/\/www.nks.hr\/natjecaji?group=itstrucnjaci&#8221; border_radii=&#8221;on|10px|10px|10px|10px&#8221; global_colors_info=&#8221;{}&#8221;][\/dipi_lottie_icon][\/et_pb_column][et_pb_column type=&#8221;1_3&#8243; _builder_version=&#8221;4.27.0&#8243; _module_preset=&#8221;default&#8221; global_colors_info=&#8221;{}&#8221;][dipi_lottie_icon json_file=&#8221;https:\/\/nks.hr\/wp-content\/uploads\/2024\/09\/system-regular-19-book.json&#8221; lottie_title=&#8221;Edukacija&#8221; loop=&#8221;off&#8221; autoplay=&#8221;off&#8221; lottie_width=&#8221;35%&#8221; lottie_margin=&#8221;23px||||false|false&#8221; _builder_version=&#8221;4.27.0&#8243; _module_preset=&#8221;default&#8221; lottie_title_font=&#8221;Arial||||||||&#8221; background_color=&#8221;#FFFFFF&#8221; width=&#8221;80%&#8221; width_tablet=&#8221;&#8221; width_phone=&#8221;74%&#8221; width_last_edited=&#8221;on|phone&#8221; module_alignment=&#8221;center&#8221; link_option_url=&#8221;https:\/\/www.nks.hr\/edukacija?group=itstrucnjaci&#8221; border_radii=&#8221;on|10px|10px|10px|10px&#8221; locked=&#8221;off&#8221; global_colors_info=&#8221;{}&#8221;][\/dipi_lottie_icon][\/et_pb_column][et_pb_column type=&#8221;1_3&#8243; _builder_version=&#8221;4.27.0&#8243; _module_preset=&#8221;default&#8221; global_colors_info=&#8221;{}&#8221;][dipi_lottie_icon json_file=&#8221;https:\/\/nks.hr\/wp-content\/uploads\/2024\/09\/system-regular-23-calendar.json&#8221; lottie_title=&#8221;Doga\u0111anja&#8221; loop=&#8221;off&#8221; autoplay=&#8221;off&#8221; lottie_width=&#8221;35%&#8221; lottie_margin=&#8221;23px||||false|false&#8221; _builder_version=&#8221;4.27.0&#8243; _module_preset=&#8221;default&#8221; lottie_title_font=&#8221;Arial||||||||&#8221; background_color=&#8221;#FFFFFF&#8221; width=&#8221;80%&#8221; width_tablet=&#8221;&#8221; width_phone=&#8221;74%&#8221; width_last_edited=&#8221;on|phone&#8221; module_alignment=&#8221;center&#8221; link_option_url=&#8221;https:\/\/www.nks.hr\/dogadanja?group=itstrucnjaci&#8221; border_radii=&#8221;on|10px|10px|10px|10px&#8221; locked=&#8221;off&#8221; global_colors_info=&#8221;{}&#8221;][\/dipi_lottie_icon][\/et_pb_column][\/et_pb_row][et_pb_row column_structure=&#8221;1_3,1_3,1_3&#8243; _builder_version=&#8221;4.27.0&#8243; _module_preset=&#8221;default&#8221; locked=&#8221;off&#8221; global_colors_info=&#8221;{}&#8221;][et_pb_column type=&#8221;1_3&#8243; _builder_version=&#8221;4.27.0&#8243; _module_preset=&#8221;default&#8221; global_colors_info=&#8221;{}&#8221;][dipi_lottie_icon json_file=&#8221;https:\/\/nks.hr\/wp-content\/uploads\/2024\/09\/system-regular-76-newspaper.json&#8221; lottie_title=&#8221;Novosti&#8221; loop=&#8221;off&#8221; autoplay=&#8221;off&#8221; lottie_width=&#8221;35%&#8221; lottie_margin=&#8221;23px||||false|false&#8221; _builder_version=&#8221;4.27.0&#8243; _dynamic_attributes=&#8221;link_option_url&#8221; _module_preset=&#8221;default&#8221; lottie_title_font=&#8221;Arial||||||||&#8221; background_color=&#8221;#FFFFFF&#8221; width=&#8221;80%&#8221; width_tablet=&#8221;&#8221; width_phone=&#8221;74%&#8221; width_last_edited=&#8221;on|phone&#8221; module_alignment=&#8221;center&#8221; link_option_url=&#8221;@ET-DC@eyJkeW5hbWljIjp0cnVlLCJjb250ZW50IjoicG9zdF9saW5rX3VybF9wYWdlIiwic2V0dGluZ3MiOnsicG9zdF9pZCI6Ijg3In19@&#8221; border_radii=&#8221;on|10px|10px|10px|10px&#8221; global_colors_info=&#8221;{}&#8221;][\/dipi_lottie_icon][\/et_pb_column][et_pb_column type=&#8221;1_3&#8243; _builder_version=&#8221;4.27.0&#8243; _module_preset=&#8221;default&#8221; global_colors_info=&#8221;{}&#8221;][dipi_lottie_icon json_file=&#8221;https:\/\/nks.hr\/wp-content\/uploads\/2024\/09\/system-regular-47-chat.json&#8221; lottie_title=&#8221;Zajednica&#8221; loop=&#8221;off&#8221; autoplay=&#8221;off&#8221; lottie_width=&#8221;35%&#8221; lottie_margin=&#8221;23px||||false|false&#8221; _builder_version=&#8221;4.27.0&#8243; _dynamic_attributes=&#8221;link_option_url&#8221; _module_preset=&#8221;default&#8221; lottie_title_font=&#8221;Arial||||||||&#8221; background_color=&#8221;#FFFFFF&#8221; width=&#8221;80%&#8221; width_tablet=&#8221;&#8221; width_phone=&#8221;74%&#8221; width_last_edited=&#8221;on|desktop&#8221; module_alignment=&#8221;center&#8221; link_option_url=&#8221;@ET-DC@eyJkeW5hbWljIjp0cnVlLCJjb250ZW50IjoicG9zdF9saW5rX3VybF9wYWdlIiwic2V0dGluZ3MiOnsicG9zdF9pZCI6IjE1NDUifX0=@&#8221; border_radii=&#8221;on|10px|10px|10px|10px&#8221; locked=&#8221;off&#8221; global_colors_info=&#8221;{}&#8221;][\/dipi_lottie_icon][\/et_pb_column][et_pb_column type=&#8221;1_3&#8243; _builder_version=&#8221;4.27.0&#8243; _module_preset=&#8221;default&#8221; global_colors_info=&#8221;{}&#8221;][dipi_lottie_icon json_file=&#8221;https:\/\/nks.hr\/wp-content\/uploads\/2024\/09\/system-regular-50-file.json&#8221; lottie_title=&#8221;Zakonodavni okvir&#8221; loop=&#8221;off&#8221; autoplay=&#8221;off&#8221; lottie_width=&#8221;35%&#8221; lottie_margin=&#8221;23px||||false|false&#8221; _builder_version=&#8221;4.27.0&#8243; _dynamic_attributes=&#8221;link_option_url&#8221; _module_preset=&#8221;default&#8221; lottie_title_font=&#8221;Arial||||||||&#8221; background_color=&#8221;#FFFFFF&#8221; width=&#8221;80%&#8221; width_tablet=&#8221;&#8221; width_phone=&#8221;74%&#8221; width_last_edited=&#8221;on|phone&#8221; module_alignment=&#8221;center&#8221; link_option_url=&#8221;@ET-DC@eyJkeW5hbWljIjp0cnVlLCJjb250ZW50IjoicG9zdF9saW5rX3VybF9wYWdlIiwic2V0dGluZ3MiOnsicG9zdF9pZCI6Ijc5In19@&#8221; border_radii=&#8221;on|10px|10px|10px|10px&#8221; locked=&#8221;off&#8221; global_colors_info=&#8221;{}&#8221;][\/dipi_lottie_icon][\/et_pb_column][\/et_pb_row][\/et_pb_section]<\/p>","protected":false},"excerpt":{"rendered":"<p>IT STRU\u010cNJACIIT stru\u010dnjaci su na prvoj liniji obrane protiv kiberneti\u010dkih prijetnji. Va\u0161e znanje i vje\u0161tine klju\u010dni su za identifikaciju, prevenciju i odgovor na sigurnosne incidente. Ovdje mo\u017eete prona\u0107i vodi\u010de i [&hellip;]<\/p>","protected":false},"author":7,"featured_media":0,"parent":0,"menu_order":0,"comment_status":"closed","ping_status":"closed","template":"","meta":{"_et_pb_use_builder":"on","_et_pb_old_content":"","_et_gb_content_width":"","footnotes":""},"dipi_cpt_category":[],"class_list":["post-147","page","type-page","status-publish","hentry"],"_links":{"self":[{"href":"https:\/\/nks.hr\/en\/wp-json\/wp\/v2\/pages\/147","targetHints":{"allow":["GET"]}}],"collection":[{"href":"https:\/\/nks.hr\/en\/wp-json\/wp\/v2\/pages"}],"about":[{"href":"https:\/\/nks.hr\/en\/wp-json\/wp\/v2\/types\/page"}],"author":[{"embeddable":true,"href":"https:\/\/nks.hr\/en\/wp-json\/wp\/v2\/users\/7"}],"replies":[{"embeddable":true,"href":"https:\/\/nks.hr\/en\/wp-json\/wp\/v2\/comments?post=147"}],"version-history":[{"count":19,"href":"https:\/\/nks.hr\/en\/wp-json\/wp\/v2\/pages\/147\/revisions"}],"predecessor-version":[{"id":2680,"href":"https:\/\/nks.hr\/en\/wp-json\/wp\/v2\/pages\/147\/revisions\/2680"}],"wp:attachment":[{"href":"https:\/\/nks.hr\/en\/wp-json\/wp\/v2\/media?parent=147"}],"wp:term":[{"taxonomy":"dipi_cpt_category","embeddable":true,"href":"https:\/\/nks.hr\/en\/wp-json\/wp\/v2\/dipi_cpt_category?post=147"}],"curies":[{"name":"wp","href":"https:\/\/api.w.org\/{rel}","templated":true}]}}