{"id":1289,"date":"2024-09-05T20:17:43","date_gmt":"2024-09-05T20:17:43","guid":{"rendered":"https:\/\/test-www.nks.hr\/?page_id=1289"},"modified":"2024-12-30T09:30:14","modified_gmt":"2024-12-30T08:30:14","slug":"gradani","status":"publish","type":"page","link":"https:\/\/nks.hr\/en\/gradani\/","title":{"rendered":"General Public"},"content":{"rendered":"<p>[et_pb_section fb_built=&#8221;1&#8243; _builder_version=&#8221;4.27.0&#8243; _module_preset=&#8221;default&#8221; background_color=&#8221;#f9f9f9&#8243; hover_enabled=&#8221;0&#8243; locked=&#8221;off&#8221; global_colors_info=&#8221;{}&#8221; sticky_enabled=&#8221;0&#8243;][et_pb_row _builder_version=&#8221;4.27.0&#8243; _module_preset=&#8221;default&#8221; width=&#8221;100%&#8221; width_tablet=&#8221;90%&#8221; width_phone=&#8221;85%&#8221; width_last_edited=&#8221;on|phone&#8221; custom_padding=&#8221;||64px|||&#8221; global_colors_info=&#8221;{}&#8221;][et_pb_column type=&#8221;4_4&#8243; _builder_version=&#8221;4.27.0&#8243; _module_preset=&#8221;default&#8221; global_colors_info=&#8221;{}&#8221;][et_pb_text _builder_version=&#8221;4.27.0&#8243; _module_preset=&#8221;default&#8221; text_font_size=&#8221;21px&#8221; text_line_height=&#8221;1.6em&#8221; header_font=&#8221;Arial|||on|||||&#8221; header_text_color=&#8221;#d6404f&#8221; header_font_size=&#8221;37px&#8221; custom_margin=&#8221;||45px|||&#8221; custom_padding=&#8221;||0px|150px|false|false&#8221; custom_padding_tablet=&#8221;||0px|150px|false|false&#8221; custom_padding_phone=&#8221;||0px|2px|false|false&#8221; custom_padding_last_edited=&#8221;on|phone&#8221; global_colors_info=&#8221;{}&#8221;]<\/p>\n<h1>GRA\u0110ANI<\/h1>\n<p>[\/et_pb_text][et_pb_text _builder_version=&#8221;4.27.0&#8243; _module_preset=&#8221;default&#8221; text_font=&#8221;Arial||||||||&#8221; text_text_color=&#8221;#000000&#8243; text_font_size=&#8221;19px&#8221; text_line_height=&#8221;1.5em&#8221; custom_margin_tablet=&#8221;&#8221; custom_margin_phone=&#8221;&#8221; custom_margin_last_edited=&#8221;on|phone&#8221; custom_padding=&#8221;|150px||150px|false|false&#8221; custom_padding_tablet=&#8221;|150px||150px|false|false&#8221; custom_padding_phone=&#8221;|2px||2px|false|false&#8221; custom_padding_last_edited=&#8221;on|desktop&#8221; global_colors_info=&#8221;{}&#8221;]<\/p>\n<p style=\"text-align: justify;\">Svaki gra\u0111anin ima va\u017enu ulogu u kiberneti\u010dkoj sigurnosti. Internet i digitalne tehnologije povezuju milijarde ljudi, pa postupci pojedinca mogu imati \u0161iroke posljedice. Nesigurni ure\u0111aji ili nepa\u017eljivo pona\u0161anje mogu poslu\u017eiti kao vrata za kiberneti\u010dke napade koji mogu ugroziti pojednica, poslovne sustave, dr\u017eavne institucije ili druge korisnike.<\/p>\n<p>Bez obzira je li rije\u010d o stru\u010dnjaku ili ne, svatko snosi odgovornost za vlastitu sigurnost, a time i za sigurnost drugih. Nacionalno koordinacijsko sredi\u0161te za industriju, tehnologiju i istra\u017eivanja u podru\u010dju kiberneti\u010dke sigurnosti (NKS) pa\u017enju posve\u0107uje svim korisnicima digitalnih tehnologija i interneta, bez obzira na njihovu stru\u010dnost u ovom podru\u010dju. Na ovoj stranici mo\u017eete pristupiti bazi znanja i edukacijama koje NKS donosi svima, s ciljem \u0161irenja znanja o sigurnom kori\u0161tenju kiberneti\u010dkog prostora, bilo kod ku\u0107e, na poslu ili u dru\u0161tvu op\u0107enito.<\/p>\n<p>Jedan od ciljeva NKS-a je i pove\u0107anje razine svijesti o va\u017enosti kiberneti\u010dke sigurnosti, koji \u0107e se ostvarivati kroz organizaciju doga\u0111anja\u00a0za\u00a0gra\u0111anstvo.<\/p>\n<p>[\/et_pb_text][\/et_pb_column][\/et_pb_row][et_pb_row column_structure=&#8221;1_2,1_2&#8243; use_custom_gutter=&#8221;on&#8221; gutter_width=&#8221;1&#8243; _builder_version=&#8221;4.27.0&#8243; _module_preset=&#8221;default&#8221; width=&#8221;100%&#8221; locked=&#8221;off&#8221; global_colors_info=&#8221;{}&#8221;][et_pb_column type=&#8221;1_2&#8243; _builder_version=&#8221;4.27.0&#8243; _module_preset=&#8221;default&#8221; global_colors_info=&#8221;{}&#8221;][dipi_lottie_icon json_file=&#8221;https:\/\/nks.hr\/wp-content\/uploads\/2024\/09\/system-regular-19-book.json&#8221; lottie_title=&#8221;Edukacija&#8221; loop=&#8221;off&#8221; autoplay=&#8221;off&#8221; lottie_width=&#8221;35%&#8221; lottie_margin=&#8221;23px||||false|false&#8221; _builder_version=&#8221;4.27.0&#8243; _module_preset=&#8221;default&#8221; lottie_title_font=&#8221;Arial||||||||&#8221; background_color=&#8221;#FFFFFF&#8221; width=&#8221;55%&#8221; width_tablet=&#8221;&#8221; width_phone=&#8221;74%&#8221; width_last_edited=&#8221;on|phone&#8221; module_alignment=&#8221;center&#8221; link_option_url=&#8221;https:\/\/www.nks.hr\/edukacija?group=itstrucnjaci&#8221; border_radii=&#8221;on|10px|10px|10px|10px&#8221; locked=&#8221;off&#8221; global_colors_info=&#8221;{}&#8221;][\/dipi_lottie_icon][\/et_pb_column][et_pb_column type=&#8221;1_2&#8243; _builder_version=&#8221;4.27.0&#8243; _module_preset=&#8221;default&#8221; global_colors_info=&#8221;{}&#8221;][dipi_lottie_icon json_file=&#8221;https:\/\/nks.hr\/wp-content\/uploads\/2024\/09\/system-regular-76-newspaper.json&#8221; lottie_title=&#8221;Novosti&#8221; loop=&#8221;off&#8221; autoplay=&#8221;off&#8221; lottie_width=&#8221;35%&#8221; lottie_margin=&#8221;23px||||false|false&#8221; _builder_version=&#8221;4.27.0&#8243; _dynamic_attributes=&#8221;link_option_url&#8221; _module_preset=&#8221;default&#8221; lottie_title_font=&#8221;Arial||||||||&#8221; background_color=&#8221;#FFFFFF&#8221; width=&#8221;55%&#8221; width_tablet=&#8221;&#8221; width_phone=&#8221;74%&#8221; width_last_edited=&#8221;on|phone&#8221; module_alignment=&#8221;center&#8221; link_option_url=&#8221;@ET-DC@eyJkeW5hbWljIjp0cnVlLCJjb250ZW50IjoicG9zdF9saW5rX3VybF9wYWdlIiwic2V0dGluZ3MiOnsicG9zdF9pZCI6Ijg3In19@&#8221; border_radii=&#8221;on|10px|10px|10px|10px&#8221; global_colors_info=&#8221;{}&#8221;][\/dipi_lottie_icon][\/et_pb_column][\/et_pb_row][\/et_pb_section]<\/p>","protected":false},"excerpt":{"rendered":"<p>GRA\u0110ANISvaki gra\u0111anin ima va\u017enu ulogu u kiberneti\u010dkoj sigurnosti. Internet i digitalne tehnologije povezuju milijarde ljudi, pa postupci pojedinca mogu imati \u0161iroke posljedice. Nesigurni ure\u0111aji ili nepa\u017eljivo pona\u0161anje mogu poslu\u017eiti kao [&hellip;]<\/p>","protected":false},"author":7,"featured_media":0,"parent":0,"menu_order":0,"comment_status":"closed","ping_status":"closed","template":"","meta":{"_et_pb_use_builder":"on","_et_pb_old_content":"","_et_gb_content_width":"","footnotes":""},"dipi_cpt_category":[],"class_list":["post-1289","page","type-page","status-publish","hentry"],"_links":{"self":[{"href":"https:\/\/nks.hr\/en\/wp-json\/wp\/v2\/pages\/1289","targetHints":{"allow":["GET"]}}],"collection":[{"href":"https:\/\/nks.hr\/en\/wp-json\/wp\/v2\/pages"}],"about":[{"href":"https:\/\/nks.hr\/en\/wp-json\/wp\/v2\/types\/page"}],"author":[{"embeddable":true,"href":"https:\/\/nks.hr\/en\/wp-json\/wp\/v2\/users\/7"}],"replies":[{"embeddable":true,"href":"https:\/\/nks.hr\/en\/wp-json\/wp\/v2\/comments?post=1289"}],"version-history":[{"count":19,"href":"https:\/\/nks.hr\/en\/wp-json\/wp\/v2\/pages\/1289\/revisions"}],"predecessor-version":[{"id":2679,"href":"https:\/\/nks.hr\/en\/wp-json\/wp\/v2\/pages\/1289\/revisions\/2679"}],"wp:attachment":[{"href":"https:\/\/nks.hr\/en\/wp-json\/wp\/v2\/media?parent=1289"}],"wp:term":[{"taxonomy":"dipi_cpt_category","embeddable":true,"href":"https:\/\/nks.hr\/en\/wp-json\/wp\/v2\/dipi_cpt_category?post=1289"}],"curies":[{"name":"wp","href":"https:\/\/api.w.org\/{rel}","templated":true}]}}